{"id":118,"date":"2023-12-06T12:05:37","date_gmt":"2023-12-06T11:05:37","guid":{"rendered":"https:\/\/arralifte.at\/?page_id=118"},"modified":"2024-01-10T18:49:46","modified_gmt":"2024-01-10T17:49:46","slug":"der-schiort","status":"publish","type":"page","link":"https:\/\/www.arralifte.at\/cs\/der-schiort\/","title":{"rendered":"ly\u017ea\u0159sk\u00fd are\u00e1l"},"content":{"rendered":"","protected":false},"excerpt":{"rendered":"","protected":false},"author":2,"featured_media":0,"parent":0,"menu_order":0,"comment_status":"closed","ping_status":"closed","template":"","meta":{"footnotes":""},"acf":[],"_links":{"self":[{"href":"https:\/\/www.arralifte.at\/cs\/wp-json\/wp\/v2\/pages\/118"}],"collection":[{"href":"https:\/\/www.arralifte.at\/cs\/wp-json\/wp\/v2\/pages"}],"about":[{"href":"https:\/\/www.arralifte.at\/cs\/wp-json\/wp\/v2\/types\/page"}],"author":[{"embeddable":true,"href":"https:\/\/www.arralifte.at\/cs\/wp-json\/wp\/v2\/users\/2"}],"replies":[{"embeddable":true,"href":"https:\/\/www.arralifte.at\/cs\/wp-json\/wp\/v2\/comments?post=118"}],"version-history":[{"count":1,"href":"https:\/\/www.arralifte.at\/cs\/wp-json\/wp\/v2\/pages\/118\/revisions"}],"predecessor-version":[{"id":119,"href":"https:\/\/www.arralifte.at\/cs\/wp-json\/wp\/v2\/pages\/118\/revisions\/119"}],"wp:attachment":[{"href":"https:\/\/www.arralifte.at\/cs\/wp-json\/wp\/v2\/media?parent=118"}],"curies":[{"name":"wp","href":"https:\/\/api.w.org\/{rel}","templated":true}]}}