{"id":180,"date":"2023-12-08T12:27:45","date_gmt":"2023-12-08T11:27:45","guid":{"rendered":"https:\/\/arralifte.at\/?page_id=180"},"modified":"2023-12-08T12:28:11","modified_gmt":"2023-12-08T11:28:11","slug":"wetter-schneelage","status":"publish","type":"page","link":"https:\/\/www.arralifte.at\/cs\/wetter-schneelage\/","title":{"rendered":"po\u010das\u00ed &amp; stav sn\u011bhu"},"content":{"rendered":"","protected":false},"excerpt":{"rendered":"","protected":false},"author":2,"featured_media":0,"parent":0,"menu_order":0,"comment_status":"closed","ping_status":"closed","template":"","meta":{"footnotes":""},"acf":[],"_links":{"self":[{"href":"https:\/\/www.arralifte.at\/cs\/wp-json\/wp\/v2\/pages\/180"}],"collection":[{"href":"https:\/\/www.arralifte.at\/cs\/wp-json\/wp\/v2\/pages"}],"about":[{"href":"https:\/\/www.arralifte.at\/cs\/wp-json\/wp\/v2\/types\/page"}],"author":[{"embeddable":true,"href":"https:\/\/www.arralifte.at\/cs\/wp-json\/wp\/v2\/users\/2"}],"replies":[{"embeddable":true,"href":"https:\/\/www.arralifte.at\/cs\/wp-json\/wp\/v2\/comments?post=180"}],"version-history":[{"count":1,"href":"https:\/\/www.arralifte.at\/cs\/wp-json\/wp\/v2\/pages\/180\/revisions"}],"predecessor-version":[{"id":181,"href":"https:\/\/www.arralifte.at\/cs\/wp-json\/wp\/v2\/pages\/180\/revisions\/181"}],"wp:attachment":[{"href":"https:\/\/www.arralifte.at\/cs\/wp-json\/wp\/v2\/media?parent=180"}],"curies":[{"name":"wp","href":"https:\/\/api.w.org\/{rel}","templated":true}]}}